{"id":56,"date":"2024-07-14T14:32:18","date_gmt":"2024-07-14T14:32:18","guid":{"rendered":"https:\/\/ekornavallen.se\/guestbook\/?page_id=56"},"modified":"2024-07-14T14:33:26","modified_gmt":"2024-07-14T14:33:26","slug":"gastbok","status":"publish","type":"page","link":"https:\/\/ekornavallen.se\/guestbook\/gastbok\/","title":{"rendered":"G\u00e4stbok"},"content":{"rendered":"<div class=\"gwolle-gb\"><div class=\"gwolle-gb-messages-top-container\"><\/div>\n\t\t\t<div class=\"gwolle-gb-write-button\">\n\t\t\t\t<input type=\"button\" name=\"gwolle-gb-write-button\" class=\"button btn btn-default \" value=\"Skriv ett nytt inl\u00e4gg.\" aria-expanded=\"false\" \/>\n\t\t\t<\/div>\n\t\t\t<form action=\"#\" method=\"POST\" class=\"gwolle-gb-write gwolle-gb-hide gwolle-gb-float gwolle-gb-form-ajax gwolle-gb-ajax gwolle-gb-not-logged-in\">\n\t\t\t\t<h3>Skriv ett nytt inl\u00e4gg i g\u00e4stboken<\/h3>\n\t\t\t\t<button type=\"button\" class=\"gb-notice-dismiss\">x<span class=\"screen-reader-text\">D\u00f6lj detta formul\u00e4r.<\/span><\/button>\n\t\t\t\n\t\t\t\t<input type=\"hidden\" name=\"gwolle_gb_function\" class=\"gwolle_gb_function\" value=\"add_entry\" \/><input type=\"hidden\" name=\"gwolle_gb_book_id\" class=\"gwolle_gb_book_id\" value=\"1\" \/><div class=\"gwolle_gb_0e965586f27b1e5c9619ddcbe9277041\">\n\t\t\t\t<div class=\"label\"><label for=\"gwolle_gb_0e965586f27b1e5c9619ddcbe9277041-1\" class=\"text-info\">Namn <span class=\"required\">*<\/span><\/label><\/div>\n\t\t\t\t<div class=\"input\"><input class=\"wp-exclude-emoji gwolle_gb_0e965586f27b1e5c9619ddcbe9277041\" value=\"\" type=\"text\" id=\"gwolle_gb_0e965586f27b1e5c9619ddcbe9277041-1\" name=\"gwolle_gb_0e965586f27b1e5c9619ddcbe9277041\" required \/><\/div>\n\t\t\t\t<div class=\"clearBoth\">&nbsp;<\/div>\n\t\t\t<\/div><div class=\"gwolle_gb_dcba1923198351b0f358695e644dd928\">\n\t\t\t\t\t<div class=\"label\"><label for=\"gwolle_gb_dcba1923198351b0f358695e644dd928-1\" class=\"text-info\">Ort<\/label><\/div>\n\t\t\t\t\t<div class=\"input\"><input class=\"wp-exclude-emoji gwolle_gb_dcba1923198351b0f358695e644dd928\" value=\"\" type=\"text\" id=\"gwolle_gb_dcba1923198351b0f358695e644dd928-1\" name=\"gwolle_gb_dcba1923198351b0f358695e644dd928\" \/><\/div>\n\t\t\t\t\t<div class=\"clearBoth\">&nbsp;<\/div>\n\t\t\t\t<\/div><div class=\"gwolle_gb_8de999511d43881645a6cf914a76c5ff\">\n\t\t\t\t<div class=\"label\"><label for=\"gwolle_gb_8de999511d43881645a6cf914a76c5ff-1\" class=\"text-info\">E-post <span class=\"required\">*<\/span><\/label><\/div>\n\t\t\t\t<div class=\"input\"><input class=\"gwolle_gb_8de999511d43881645a6cf914a76c5ff\" value=\"\" type=\"email\" id=\"gwolle_gb_8de999511d43881645a6cf914a76c5ff-1\" name=\"gwolle_gb_8de999511d43881645a6cf914a76c5ff\" required \/><\/div>\n\t\t\t\t<div class=\"clearBoth\">&nbsp;<\/div>\n\t\t\t<\/div><div class=\"gwolle_gb_9da0f971e82f89a59dd9934ffd07b746\">\n\t\t\t\t<div class=\"label\"><label for=\"gwolle_gb_9da0f971e82f89a59dd9934ffd07b746-1\" class=\"text-info\">Webbplats<\/label><\/div>\n\t\t\t\t<div class=\"input\"><input class=\"gwolle_gb_9da0f971e82f89a59dd9934ffd07b746\" value=\"\" type=\"url\" id=\"gwolle_gb_9da0f971e82f89a59dd9934ffd07b746-1\" name=\"gwolle_gb_9da0f971e82f89a59dd9934ffd07b746\" \/><\/div>\n\t\t\t\t<div class=\"clearBoth\">&nbsp;<\/div>\n\t\t\t<\/div>\n\t\t\t<div class=\"gwolle_gb_c5d14b61ae174671a0fae83c538bac74\" style=\"display:none;overflow:hidden;\" hidden=\"true\" aria-hidden=\"true\">\n\t\t\t\t<div class=\"label\">\n\t\t\t\t\t<label for=\"gwolle_gb_c5d14b61ae174671a0fae83c538bac74-1\" class=\"text-primary\">R\u00f6r inte detta<\/label>\n\t\t\t\t\t<label for=\"gwolle_gb_981db4439f78ed6492be709979650e18-1\" class=\"text-primary\">R\u00f6r inte detta<\/label>\n\t\t\t\t<\/div>\n\t\t\t\t<div class=\"input\">\n\t\t\t\t\t<input value=\"95\" type=\"text\" id=\"gwolle_gb_c5d14b61ae174671a0fae83c538bac74-1\" name=\"gwolle_gb_c5d14b61ae174671a0fae83c538bac74\" class=\"gwolle_gb_c5d14b61ae174671a0fae83c538bac74\" style=\"transform: translateY(10000px);\" \/>\n\t\t\t\t\t<input value=\"\" type=\"text\" name=\"gwolle_gb_981db4439f78ed6492be709979650e18\" id=\"gwolle_gb_981db4439f78ed6492be709979650e18-1\" class=\"gwolle_gb_981db4439f78ed6492be709979650e18\" style=\"transform: translateY(10000px);\" \/>\n\t\t\t\t<\/div>\n\t\t\t\t<div class=\"clearBoth\"><\/div>\n\t\t\t<\/div>\n\t\t\t<div class=\"gwolle_gb_d5308417724ad758fc67bb8654ab1158\" style=\"display:none;overflow:hidden;\" hidden=\"true\" aria-hidden=\"true\">\n\t\t\t\t<div class=\"label\">\n\t\t\t\t\t<label for=\"gwolle_gb_d5308417724ad758fc67bb8654ab1158-1\" class=\"text-primary\">R\u00f6r inte detta<\/label>\n\t\t\t\t\t<label for=\"gwolle_gb_185132cbf17de89e0217ca2133e9edee-1\" class=\"text-primary\">R\u00f6r inte detta<\/label>\n\t\t\t\t<\/div>\n\t\t\t\t<div class=\"input\">\n\t\t\t\t\t<input value=\"22190\" type=\"text\" id=\"gwolle_gb_d5308417724ad758fc67bb8654ab1158-1\" name=\"gwolle_gb_d5308417724ad758fc67bb8654ab1158\" class=\"gwolle_gb_d5308417724ad758fc67bb8654ab1158\" style=\"transform: translateY(10000px);\" \/>\n\t\t\t\t\t<input value=\"22190\" type=\"text\"id=\"gwolle_gb_185132cbf17de89e0217ca2133e9edee-1\" name=\"gwolle_gb_185132cbf17de89e0217ca2133e9edee\" class=\"gwolle_gb_185132cbf17de89e0217ca2133e9edee\" style=\"transform: translateY(10000px);\" \/>\n\t\t\t\t<\/div>\n\t\t\t\t<div class=\"clearBoth\"><\/div>\n\t\t\t<\/div><div class=\"gwolle_gb_content\">\n\t\t\t\t<div class=\"label\"><label for=\"gwolle_gb_content-1\" class=\"text-info\">G\u00e4stboksinl\u00e4gg <span class=\"required\">*<\/span><\/label><\/div>\n\t\t\t\t<div class=\"input\"><textarea id=\"gwolle_gb_content-1\" name=\"gwolle_gb_content\" class=\"gwolle_gb_content wp-exclude-emoji\" required ><\/textarea><\/div>\n\t\t\t\t\t<div class=\"clearBoth\">&nbsp;<\/div>\n\t\t\t\t<\/div><input type=\"hidden\" class=\"gwolle_gb_b04252f99014defee70f0080ca162175\" id=\"gwolle_gb_b04252f99014defee70f0080ca162175-1\" name=\"gwolle_gb_b04252f99014defee70f0080ca162175\" value=\"024cbedfb9\" \/>\n\t\t\t<div class=\"gwolle-gb-messages-bottom-container\"><\/div>\n\n\t\t\t<noscript><div class=\"no-js\">Varning: Detta formul\u00e4r kan endast anv\u00e4ndas om JavaScript \u00e4r aktiverat i din webbl\u00e4sare.<\/div><\/noscript>\n\n\t\t\t<div class=\"gwolle_gb_submit gwolle-gb-submit\">\n\t\t\t\t<div class=\"label gwolle-gb-invisible text-muted\">&nbsp;<\/div>\n\t\t\t\t<div class=\"input\">\n\t\t\t\t\t<input type=\"submit\" name=\"gwolle_gb_submit\" class=\"gwolle_gb_submit button btn btn-primary \" value=\"Skicka\" \/>\n\t\t\t\t\t<span class=\"gwolle_gb_submit_ajax_icon gwolle-gb-submit-ajax-icon\"><\/span>\n\t\t\t\n\t\t\t\t<\/div>\n\t\t\t\t<div class=\"clearBoth\">&nbsp;<\/div>\n\t\t\t<\/div>\n\n\t\t\t<div class=\"gwolle_gb_notice gwolle-gb-notice\">\n\t\t\t\tF\u00e4lt markerade med * \u00e4r obligatoriska.<br \/>\r\nDin e-postadress kommer inte att publiceras.<br \/>\r\nDet \u00e4r m\u00f6jligt att ditt inl\u00e4gg endast kommer visas g\u00e4stboken n\u00e4r vi har granskat det.<br \/>\r\nVi f\u00f6rbeh\u00e5ller oss r\u00e4tten att redigera, ta bort eller inte publicera inl\u00e4gg.\n\t\t\t<\/div><\/form><div class=\"gwolle-gb-read gwolle-gb-ajax gwolle-gb-entries-list\" data-book_id=\"1\" data-page_id=\"1\">\n\t\t<div id=\"gwolle-gb-total\" class=\"gwolle-gb-total\">1 inl\u00e4gg.<\/div><!-- Gwolle-GB Entry: Default Template Loaded -->\n\t\t\t\t<div class=\"gb-entry gb-entry_3 gb-entry-count_1 gwolle-gb-uneven gwolle-gb-first\" id=\"gb-entry_3\" data-entry_id=\"3\">\n\t\t\t\t<article>\n\t\t\t\t\t<div class=\"gb-author-info\">\n\t\t\t\t\t\t<span class=\"gb-author-avatar\"><img referrerpolicy=\"no-referrer\" alt='G\u00f6ran' src='https:\/\/secure.gravatar.com\/avatar\/ef53f2bbd526be7453503c0c4534deffb6c0b4dd022f77bcbce66d14236f7648?s=32&#038;d=mm&#038;r=g' srcset='https:\/\/secure.gravatar.com\/avatar\/ef53f2bbd526be7453503c0c4534deffb6c0b4dd022f77bcbce66d14236f7648?s=64&#038;d=mm&#038;r=g 2x' class='avatar avatar-32 photo' height='32' width='32' \/><\/span>\n\t\t\t\t\t\t<span class=\"gb-author-name\">G\u00f6ran\n\t\t\t\t\t\t<\/span>\n\t\t\t\t\t\t<span class=\"gb-author-origin\">\n\t\t\t\t\t\t\t<span class=\"gb-author-origin-from-text\"> fr\u00e5n<\/span>\n\t\t\t\t\t\t\t<span class=\"gb-author-origin-text\"> Stockholm<\/span>\n\t\t\t\t\t\t<\/span>\n\t\t\t\t\t\t<span class=\"gb-datetime\">\n\t\t\t\t\t\t\t<span class=\"gb-date\"><span class=\"gb-date-wrote-text\"> skrev den<\/span><span class=\"gb-date-text\"> juli 14, 2024<\/span>\n\t\t\t\t\t\t\t<\/span><span class=\"gb-time\">\n\t\t\t\t\t\t\t\t\t<span class=\"gb-time-at-text\"> kl.<\/span>\n\t\t\t\t\t\t\t\t\t<span class=\"gb-time-text\"> 3:27 e m<\/span>\n\t\t\t\t\t\t\t\t<\/span>\n\t\t\t\t\t\t<\/span> \n\t\t\t\t\t<\/div>\n\t\t\t\t\t<div class=\"gb-entry-content\">Det var v\u00e4ldigt intressant att ta del av detta.\n\t\t\t\t\t<\/div>\n\t\t\t\t<\/article>\n\t\t\t<\/div>\n\t\t\t<\/div><\/div>\n","protected":false},"excerpt":{"rendered":"","protected":false},"author":1,"featured_media":0,"parent":0,"menu_order":0,"comment_status":"closed","ping_status":"closed","template":"","meta":{"footnotes":""},"class_list":["post-56","page","type-page","status-publish","hentry"],"_links":{"self":[{"href":"https:\/\/ekornavallen.se\/guestbook\/wp-json\/wp\/v2\/pages\/56","targetHints":{"allow":["GET"]}}],"collection":[{"href":"https:\/\/ekornavallen.se\/guestbook\/wp-json\/wp\/v2\/pages"}],"about":[{"href":"https:\/\/ekornavallen.se\/guestbook\/wp-json\/wp\/v2\/types\/page"}],"author":[{"embeddable":true,"href":"https:\/\/ekornavallen.se\/guestbook\/wp-json\/wp\/v2\/users\/1"}],"replies":[{"embeddable":true,"href":"https:\/\/ekornavallen.se\/guestbook\/wp-json\/wp\/v2\/comments?post=56"}],"version-history":[{"count":2,"href":"https:\/\/ekornavallen.se\/guestbook\/wp-json\/wp\/v2\/pages\/56\/revisions"}],"predecessor-version":[{"id":58,"href":"https:\/\/ekornavallen.se\/guestbook\/wp-json\/wp\/v2\/pages\/56\/revisions\/58"}],"wp:attachment":[{"href":"https:\/\/ekornavallen.se\/guestbook\/wp-json\/wp\/v2\/media?parent=56"}],"curies":[{"name":"wp","href":"https:\/\/api.w.org\/{rel}","templated":true}]}}