{"id":51,"date":"2024-07-14T14:05:09","date_gmt":"2024-07-14T14:05:09","guid":{"rendered":"https:\/\/ekornavallen.se\/aktuellt\/?page_id=51"},"modified":"2024-07-14T15:09:19","modified_gmt":"2024-07-14T15:09:19","slug":"51-2","status":"publish","type":"page","link":"https:\/\/ekornavallen.se\/aktuellt\/51-2\/","title":{"rendered":"Ekornavallens v\u00e4nner"},"content":{"rendered":"<div class=\"gwolle-gb\"><div class=\"gwolle-gb-messages-top-container\"><\/div>\n\t\t\t<div class=\"gwolle-gb-write-button\">\n\t\t\t\t<input type=\"button\" name=\"gwolle-gb-write-button\" class=\"button btn btn-default \" value=\"Skriv ett nytt inl\u00e4gg.\" aria-expanded=\"false\" \/>\n\t\t\t<\/div>\n\t\t\t<form action=\"#\" method=\"POST\" class=\"gwolle-gb-write gwolle-gb-hide gwolle-gb-float gwolle-gb-form-ajax gwolle-gb-ajax gwolle-gb-not-logged-in\">\n\t\t\t\t<h3>Skriv ett nytt inl\u00e4gg i g\u00e4stboken<\/h3>\n\t\t\t\t<button type=\"button\" class=\"gb-notice-dismiss\">x<span class=\"screen-reader-text\">D\u00f6lj detta formul\u00e4r.<\/span><\/button>\n\t\t\t\n\t\t\t\t<input type=\"hidden\" name=\"gwolle_gb_function\" class=\"gwolle_gb_function\" value=\"add_entry\" \/><input type=\"hidden\" name=\"gwolle_gb_book_id\" class=\"gwolle_gb_book_id\" value=\"1\" \/><div class=\"gwolle_gb_b2fd861057e180b7d96e92e186238c2d\">\n\t\t\t\t<div class=\"label\"><label for=\"gwolle_gb_b2fd861057e180b7d96e92e186238c2d-1\" class=\"text-info\">Namn <span class=\"required\">*<\/span><\/label><\/div>\n\t\t\t\t<div class=\"input\"><input class=\"wp-exclude-emoji gwolle_gb_b2fd861057e180b7d96e92e186238c2d\" value=\"\" type=\"text\" id=\"gwolle_gb_b2fd861057e180b7d96e92e186238c2d-1\" name=\"gwolle_gb_b2fd861057e180b7d96e92e186238c2d\" required \/><\/div>\n\t\t\t\t<div class=\"clearBoth\">&nbsp;<\/div>\n\t\t\t<\/div><div class=\"gwolle_gb_6ed14fe7c3b4183658e3d5afb619d0c7\">\n\t\t\t\t\t<div class=\"label\"><label for=\"gwolle_gb_6ed14fe7c3b4183658e3d5afb619d0c7-1\" class=\"text-info\">Ort<\/label><\/div>\n\t\t\t\t\t<div class=\"input\"><input class=\"wp-exclude-emoji gwolle_gb_6ed14fe7c3b4183658e3d5afb619d0c7\" value=\"\" type=\"text\" id=\"gwolle_gb_6ed14fe7c3b4183658e3d5afb619d0c7-1\" name=\"gwolle_gb_6ed14fe7c3b4183658e3d5afb619d0c7\" \/><\/div>\n\t\t\t\t\t<div class=\"clearBoth\">&nbsp;<\/div>\n\t\t\t\t<\/div><div class=\"gwolle_gb_c20b0ae7ad3a545ce3810301f479a1f7\">\n\t\t\t\t<div class=\"label\"><label for=\"gwolle_gb_c20b0ae7ad3a545ce3810301f479a1f7-1\" class=\"text-info\">E-post <span class=\"required\">*<\/span><\/label><\/div>\n\t\t\t\t<div class=\"input\"><input class=\"gwolle_gb_c20b0ae7ad3a545ce3810301f479a1f7\" value=\"\" type=\"email\" id=\"gwolle_gb_c20b0ae7ad3a545ce3810301f479a1f7-1\" name=\"gwolle_gb_c20b0ae7ad3a545ce3810301f479a1f7\" required \/><\/div>\n\t\t\t\t<div class=\"clearBoth\">&nbsp;<\/div>\n\t\t\t<\/div><div class=\"gwolle_gb_bbc273d7813ac9c3c28e495cf01fe53b\">\n\t\t\t\t<div class=\"label\"><label for=\"gwolle_gb_bbc273d7813ac9c3c28e495cf01fe53b-1\" class=\"text-info\">Webbplats<\/label><\/div>\n\t\t\t\t<div class=\"input\"><input class=\"gwolle_gb_bbc273d7813ac9c3c28e495cf01fe53b\" value=\"\" type=\"url\" id=\"gwolle_gb_bbc273d7813ac9c3c28e495cf01fe53b-1\" name=\"gwolle_gb_bbc273d7813ac9c3c28e495cf01fe53b\" \/><\/div>\n\t\t\t\t<div class=\"clearBoth\">&nbsp;<\/div>\n\t\t\t<\/div>\n\t\t\t<div class=\"gwolle_gb_01b355496efb47010823174ca484d3f1\" style=\"display:none;overflow:hidden;\" hidden=\"true\" aria-hidden=\"true\">\n\t\t\t\t<div class=\"label\">\n\t\t\t\t\t<label for=\"gwolle_gb_01b355496efb47010823174ca484d3f1-1\" class=\"text-primary\">R\u00f6r inte detta<\/label>\n\t\t\t\t\t<label for=\"gwolle_gb_206a260536bf0a74af50ece241d9bb34-1\" class=\"text-primary\">R\u00f6r inte detta<\/label>\n\t\t\t\t<\/div>\n\t\t\t\t<div class=\"input\">\n\t\t\t\t\t<input value=\"34\" type=\"text\" id=\"gwolle_gb_01b355496efb47010823174ca484d3f1-1\" name=\"gwolle_gb_01b355496efb47010823174ca484d3f1\" class=\"gwolle_gb_01b355496efb47010823174ca484d3f1\" style=\"transform: translateY(10000px);\" \/>\n\t\t\t\t\t<input value=\"\" type=\"text\" name=\"gwolle_gb_206a260536bf0a74af50ece241d9bb34\" id=\"gwolle_gb_206a260536bf0a74af50ece241d9bb34-1\" class=\"gwolle_gb_206a260536bf0a74af50ece241d9bb34\" style=\"transform: translateY(10000px);\" \/>\n\t\t\t\t<\/div>\n\t\t\t\t<div class=\"clearBoth\"><\/div>\n\t\t\t<\/div>\n\t\t\t<div class=\"gwolle_gb_ede98ddf7cf32176be29cee947328a7b\" style=\"display:none;overflow:hidden;\" hidden=\"true\" aria-hidden=\"true\">\n\t\t\t\t<div class=\"label\">\n\t\t\t\t\t<label for=\"gwolle_gb_ede98ddf7cf32176be29cee947328a7b-1\" class=\"text-primary\">R\u00f6r inte detta<\/label>\n\t\t\t\t\t<label for=\"gwolle_gb_05e6d4deef91e49ebd0a8c6caa594f95-1\" class=\"text-primary\">R\u00f6r inte detta<\/label>\n\t\t\t\t<\/div>\n\t\t\t\t<div class=\"input\">\n\t\t\t\t\t<input value=\"93687\" type=\"text\" id=\"gwolle_gb_ede98ddf7cf32176be29cee947328a7b-1\" name=\"gwolle_gb_ede98ddf7cf32176be29cee947328a7b\" class=\"gwolle_gb_ede98ddf7cf32176be29cee947328a7b\" style=\"transform: translateY(10000px);\" \/>\n\t\t\t\t\t<input value=\"93687\" type=\"text\"id=\"gwolle_gb_05e6d4deef91e49ebd0a8c6caa594f95-1\" name=\"gwolle_gb_05e6d4deef91e49ebd0a8c6caa594f95\" class=\"gwolle_gb_05e6d4deef91e49ebd0a8c6caa594f95\" style=\"transform: translateY(10000px);\" \/>\n\t\t\t\t<\/div>\n\t\t\t\t<div class=\"clearBoth\"><\/div>\n\t\t\t<\/div><div class=\"gwolle_gb_content\">\n\t\t\t\t<div class=\"label\"><label for=\"gwolle_gb_content-1\" class=\"text-info\">G\u00e4stboksinl\u00e4gg <span class=\"required\">*<\/span><\/label><\/div>\n\t\t\t\t<div class=\"input\"><textarea id=\"gwolle_gb_content-1\" name=\"gwolle_gb_content\" class=\"gwolle_gb_content wp-exclude-emoji\" required ><\/textarea><\/div>\n\t\t\t\t\t<div class=\"clearBoth\">&nbsp;<\/div>\n\t\t\t\t<\/div><input type=\"hidden\" class=\"gwolle_gb_0c9f62441192ecc7c10af73c3c588e18\" id=\"gwolle_gb_0c9f62441192ecc7c10af73c3c588e18-1\" name=\"gwolle_gb_0c9f62441192ecc7c10af73c3c588e18\" value=\"0ee59756d6\" \/>\n\t\t\t<div class=\"gwolle-gb-messages-bottom-container\"><\/div>\n\n\t\t\t<noscript><div class=\"no-js\">Varning: Detta formul\u00e4r kan endast anv\u00e4ndas om JavaScript \u00e4r aktiverat i din webbl\u00e4sare.<\/div><\/noscript>\n\n\t\t\t<div class=\"gwolle_gb_submit gwolle-gb-submit\">\n\t\t\t\t<div class=\"label gwolle-gb-invisible text-muted\">&nbsp;<\/div>\n\t\t\t\t<div class=\"input\">\n\t\t\t\t\t<input type=\"submit\" name=\"gwolle_gb_submit\" class=\"gwolle_gb_submit button btn btn-primary \" value=\"Skicka\" \/>\n\t\t\t\t\t<span class=\"gwolle_gb_submit_ajax_icon gwolle-gb-submit-ajax-icon\"><\/span>\n\t\t\t\n\t\t\t\t<\/div>\n\t\t\t\t<div class=\"clearBoth\">&nbsp;<\/div>\n\t\t\t<\/div>\n\n\t\t\t<div class=\"gwolle_gb_notice gwolle-gb-notice\">\n\t\t\t\t<br \/>\nF\u00e4lt markerade med * \u00e4r obligatoriska.<br \/>\nDin e-postadress kommer inte att publiceras.<br \/>\nDet \u00e4r m\u00f6jligt att ditt inl\u00e4gg endast kommer visas g\u00e4stboken n\u00e4r vi har granskat det.<br \/>\nVi f\u00f6rbeh\u00e5ller oss r\u00e4tten att redigera, ta bort eller inte publicera inl\u00e4gg.<br \/>\n\n\t\t\t<\/div><\/form><div class=\"gwolle-gb-read gwolle-gb-ajax gwolle-gb-entries-list\" data-book_id=\"1\">(inga inl\u00e4gg \u00e4nnu)<\/div><\/div>\n","protected":false},"excerpt":{"rendered":"","protected":false},"author":1,"featured_media":0,"parent":0,"menu_order":0,"comment_status":"closed","ping_status":"closed","template":"","meta":{"footnotes":""},"class_list":["post-51","page","type-page","status-publish","hentry"],"_links":{"self":[{"href":"https:\/\/ekornavallen.se\/aktuellt\/wp-json\/wp\/v2\/pages\/51","targetHints":{"allow":["GET"]}}],"collection":[{"href":"https:\/\/ekornavallen.se\/aktuellt\/wp-json\/wp\/v2\/pages"}],"about":[{"href":"https:\/\/ekornavallen.se\/aktuellt\/wp-json\/wp\/v2\/types\/page"}],"author":[{"embeddable":true,"href":"https:\/\/ekornavallen.se\/aktuellt\/wp-json\/wp\/v2\/users\/1"}],"replies":[{"embeddable":true,"href":"https:\/\/ekornavallen.se\/aktuellt\/wp-json\/wp\/v2\/comments?post=51"}],"version-history":[{"count":2,"href":"https:\/\/ekornavallen.se\/aktuellt\/wp-json\/wp\/v2\/pages\/51\/revisions"}],"predecessor-version":[{"id":53,"href":"https:\/\/ekornavallen.se\/aktuellt\/wp-json\/wp\/v2\/pages\/51\/revisions\/53"}],"wp:attachment":[{"href":"https:\/\/ekornavallen.se\/aktuellt\/wp-json\/wp\/v2\/media?parent=51"}],"curies":[{"name":"wp","href":"https:\/\/api.w.org\/{rel}","templated":true}]}}